{"id":7473,"date":"2024-07-09T01:32:28","date_gmt":"2024-07-08T22:32:28","guid":{"rendered":"https:\/\/www.autotech.gr\/products\/stand-alone-access-control-card-reader-with-illuminated-keyboard\/"},"modified":"2024-07-22T12:17:30","modified_gmt":"2024-07-22T09:17:30","slug":"stand-alone-access-control-card-reader-with-illuminated-keyboard","status":"publish","type":"product","link":"https:\/\/www.autotech.gr\/it\/products\/stand-alone-access-control-card-reader-with-illuminated-keyboard\/","title":{"rendered":"KB-2W - Lettore di carte per controllo accessi autonomo con tastiera illuminata"},"content":{"rendered":"<ul>\n<li>Antivandalo, impermeabile, ideale per uso esterno.<\/li>\n<li>Possibilit\u00e0 di registrare fino a 500 utenti e tessere di prossimit\u00e0.<\/li>\n<li>1 uscita a rel\u00e8 24Vcc\/1A<\/li>\n<li>Ingresso per comando da pulsante esterno.<\/li>\n<li>Uscita del segnale sonoro di allarme, collegamento all'allarme.<\/li>\n<\/ul>\n<p>Dimensioni: 115 x 75 x 20 mm.<\/p>\n","protected":false},"excerpt":{"rendered":"<p>Antivandalo, impermeabile, ideale per uso esterno. Possibilit\u00e0 di registrare fino a 500 utenti e tessere di prossimit\u00e0. 1 uscita a rel\u00e8 24Vcc\/1A Ingresso per comando&hellip;<\/p>\n","protected":false},"featured_media":6759,"template":"","meta":{"_acf_changed":false},"product_brand":[],"product_cat":[169],"product_tag":[],"class_list":{"0":"post-7473","1":"product","2":"type-product","3":"status-publish","4":"has-post-thumbnail","6":"product_cat-controllo-di-accesso","8":"first","9":"instock","10":"shipping-taxable","11":"purchasable","12":"product-type-simple"},"acf":[],"_links":{"self":[{"href":"https:\/\/www.autotech.gr\/it\/wp-json\/wp\/v2\/product\/7473","targetHints":{"allow":["GET"]}}],"collection":[{"href":"https:\/\/www.autotech.gr\/it\/wp-json\/wp\/v2\/product"}],"about":[{"href":"https:\/\/www.autotech.gr\/it\/wp-json\/wp\/v2\/types\/product"}],"wp:featuredmedia":[{"embeddable":true,"href":"https:\/\/www.autotech.gr\/it\/wp-json\/wp\/v2\/media\/6759"}],"wp:attachment":[{"href":"https:\/\/www.autotech.gr\/it\/wp-json\/wp\/v2\/media?parent=7473"}],"wp:term":[{"taxonomy":"product_brand","embeddable":true,"href":"https:\/\/www.autotech.gr\/it\/wp-json\/wp\/v2\/product_brand?post=7473"},{"taxonomy":"product_cat","embeddable":true,"href":"https:\/\/www.autotech.gr\/it\/wp-json\/wp\/v2\/product_cat?post=7473"},{"taxonomy":"product_tag","embeddable":true,"href":"https:\/\/www.autotech.gr\/it\/wp-json\/wp\/v2\/product_tag?post=7473"}],"curies":[{"name":"wp","href":"https:\/\/api.w.org\/{rel}","templated":true}]}}